{"id":262,"date":"2025-02-26T17:22:18","date_gmt":"2025-02-26T16:22:18","guid":{"rendered":"https:\/\/champagne-ramillon.com\/?page_id=262"},"modified":"2025-10-11T10:20:02","modified_gmt":"2025-10-11T08:20:02","slug":"nos-champagnes","status":"publish","type":"page","link":"https:\/\/champagne-ramillon.com\/en\/nos-champagnes\/","title":{"rendered":"Nos Champagnes"},"content":{"rendered":"<div class=\"wp-block-group has-global-padding is-layout-constrained wp-block-group-is-layout-constrained\">\n<div class=\"wp-block-group has-global-padding is-layout-constrained wp-block-group-is-layout-constrained\">\n<h2 class=\"wp-block-heading\"><br><strong><a href=\"https:\/\/champagne-ramillon.com\/en\/boutique\/champagnes\/brut-de-cuvee\/\" data-type=\"product\" data-id=\"94\">Brut de Cuv\u00e9e<\/a><\/strong><\/h2>\n\n\n\n<hr class=\"wp-block-separator has-alpha-channel-opacity\"\/>\n\n\n\n<p><strong> L\u2019\u00c9quilibre Parfait entre Fra\u00eecheur et Gourmandise<\/strong><br><br>D\u00e9couvrez&nbsp;<strong>Brut de Cuv\u00e9e<\/strong>, un champagne d\u2019une grande finesse o\u00f9 la fra\u00eecheur et la l\u00e9g\u00e8ret\u00e9 du&nbsp;<strong>Meunier<\/strong>&nbsp;rencontrent la souplesse et le fruit\u00e9 du&nbsp;<strong>Pinot Noir<\/strong>. Cette alliance subtile donne naissance \u00e0 un vin harmonieux, rond et accessible, parfait pour toutes les occasions.<br><br>Avec sa bulle d\u00e9licate et son expression aromatique \u00e9quilibr\u00e9e,&nbsp;<strong>Brut de Cuv\u00e9e<\/strong>&nbsp;s\u2019appr\u00e9cie aussi bien en ap\u00e9ritif qu\u2019au cours d\u2019un repas. Il s\u00e9duit par sa vivacit\u00e9 et sa g\u00e9n\u00e9rosit\u00e9, offrant une exp\u00e9rience de d\u00e9gustation raffin\u00e9e et conviviale.<br><br>Disponible \u00e9galement en version&nbsp;<strong>Demi-Sec<\/strong>, pour une touche plus douce et gourmande.<br><\/p>\n<\/div>\n<\/div>\n\n\n\n<div class=\"wp-block-group has-global-padding is-layout-constrained wp-block-group-is-layout-constrained\">\n<h2 class=\"wp-block-heading has-text-align-right\"><strong><strong><strong><strong><a href=\"https:\/\/champagne-ramillon.com\/en\/boutique\/champagnes\/demi-sec\/\" data-type=\"product\" data-id=\"453\">Demi Sec<\/a><\/strong><\/strong><\/strong><\/strong><\/h2>\n\n\n\n<hr class=\"wp-block-separator has-alpha-channel-opacity\"\/>\n\n\n\n<p class=\"has-text-align-right\"><strong><strong><strong><strong>La Douceur Gourmande du Champagne<\/strong><\/strong><\/strong><\/strong><br><br>Alliant&nbsp;<strong>rondeur et g\u00e9n\u00e9rosit\u00e9<\/strong>,&nbsp;<strong>Demi-Sec<\/strong>&nbsp;est une cuv\u00e9e qui s\u00e9duit par son \u00e9quilibre parfait entre douceur et fra\u00eecheur. Son&nbsp;<strong>dosage subtil<\/strong>&nbsp;en fait un champagne d\u00e9licieusement gourmand, id\u00e9al pour ceux qui appr\u00e9cient des saveurs plus suaves tout en conservant une belle vivacit\u00e9.<br><br>Ses&nbsp;<strong>ar\u00f4mes fruit\u00e9s et l\u00e9g\u00e8rement brioch\u00e9s<\/strong>&nbsp;s\u2019expriment avec \u00e9l\u00e9gance, offrant une texture onctueuse et une mousse fine et persistante. Il accompagne \u00e0 merveille les&nbsp;<strong>desserts<\/strong>, les&nbsp;<strong>mets sucr\u00e9s-sal\u00e9s<\/strong>&nbsp;et se r\u00e9v\u00e8le \u00eatre une belle surprise en accord avec une cuisine \u00e9pic\u00e9e.<br><br>Un champagne de plaisir, parfait pour les amateurs de finesse et de douceur.<\/p>\n<\/div>\n\n\n\n<div class=\"wp-block-group has-global-padding is-layout-constrained wp-block-group-is-layout-constrained\">\n<div class=\"wp-block-group has-global-padding is-layout-constrained wp-block-group-is-layout-constrained\">\n<h2 class=\"wp-block-heading has-text-align-left\"><strong><strong><a href=\"https:\/\/champagne-ramillon.com\/en\/boutique\/champagnes\/reserve-rosee\/\" data-type=\"product\" data-id=\"100\">R\u00e9serve Ros\u00e9e<\/a><\/strong><\/strong><\/h2>\n\n\n\n<hr class=\"wp-block-separator has-alpha-channel-opacity\"\/>\n\n\n\n<p class=\"has-text-align-left\"><strong> <strong>L\u2019\u00c9l\u00e9gance d\u2019un Ros\u00e9 d\u2019Exception<\/strong><\/strong><br><br>Alliant finesse et caract\u00e8re,&nbsp;<strong>R\u00e9serve Ros\u00e9e<\/strong>&nbsp;est le fruit d\u2019un assemblage ma\u00eetris\u00e9 de&nbsp;<strong>grands blancs<\/strong>, sublim\u00e9 par une touche d\u00e9licate de&nbsp;<strong>vin rouge de Champagne<\/strong>. Son \u00e9quilibre subtil entre fra\u00eecheur et intensit\u00e9 lui conf\u00e8re une \u00e9l\u00e9gance naturelle et une belle complexit\u00e9 aromatique.<br><br>Avec sa robe lumineuse et ses ar\u00f4mes fruit\u00e9s, ce champagne ros\u00e9 r\u00e9v\u00e8le toute sa gourmandise et son raffinement. Il accompagnera \u00e0 merveille les&nbsp;<strong>plats en sauce<\/strong>&nbsp;et les&nbsp;<strong>viandes rouges<\/strong>, apportant une touche de fra\u00eecheur et de vivacit\u00e9 \u00e0 chaque bouch\u00e9e.<br><br>Une cuv\u00e9e qui allie tradition et modernit\u00e9, pour des instants de d\u00e9gustation uniques.<br><\/p>\n<\/div>\n<\/div>\n\n\n\n<div class=\"wp-block-group has-global-padding is-layout-constrained wp-block-group-is-layout-constrained\">\n<h2 class=\"wp-block-heading has-text-align-right\"><strong><strong><strong><a href=\"https:\/\/champagne-ramillon.com\/en\/boutique\/champagnes\/reserve-brut\/\" data-type=\"product\" data-id=\"107\">R\u00e9serve Brut<\/a>\u00a0<\/strong><\/strong><\/strong><\/h2>\n\n\n\n<hr class=\"wp-block-separator has-alpha-channel-opacity\"\/>\n\n\n\n<p class=\"has-text-align-right\"><strong><strong>L\u2019Expression Pure du Chardonnay<\/strong><\/strong><br><br>\u00c9l\u00e9gant et raffin\u00e9,&nbsp;<strong>R\u00e9serve Brut<\/strong>&nbsp;met en lumi\u00e8re toute la subtilit\u00e9 et la finesse du&nbsp;<strong>Chardonnay<\/strong>. Ce c\u00e9page d\u2019exception, appr\u00e9ci\u00e9 des amateurs de champagne brut, conf\u00e8re \u00e0 cette cuv\u00e9e une belle vivacit\u00e9 et une grande fra\u00eecheur, sublim\u00e9es par une texture soyeuse et des notes d\u00e9licatement florales et fruit\u00e9es.<br><br>Parfait pour l\u2019<strong>ap\u00e9ritif<\/strong>, il accompagne \u00e9galement avec harmonie les&nbsp;<strong>hors-d\u2019\u0153uvre<\/strong>, les&nbsp;<strong>crustac\u00e9s<\/strong>&nbsp;et les&nbsp;<strong>poissons<\/strong>, apportant une touche d\u2019\u00e9l\u00e9gance \u00e0 chaque d\u00e9gustation.<br><br>Un champagne d\u2019une grande puret\u00e9, id\u00e9al pour les moments de partage et de plaisir raffin\u00e9.<\/p>\n<\/div>\n\n\n\n<div class=\"wp-block-group has-global-padding is-layout-constrained wp-block-group-is-layout-constrained\">\n<h2 class=\"wp-block-heading has-text-align-left\"><strong><strong><strong><strong><a href=\"https:\/\/champagne-ramillon.com\/en\/boutique\/champagnes\/blanc-de-blancs\/\" data-type=\"product\" data-id=\"111\">Blanc de Blancs<\/a>\u00a0<\/strong>\u00a0<\/strong><\/strong><\/strong><\/h2>\n\n\n\n<hr class=\"wp-block-separator has-alpha-channel-opacity\"\/>\n\n\n\n<div class=\"wp-block-group has-global-padding is-layout-constrained wp-block-group-is-layout-constrained\">\n<p class=\"has-text-align-left\"><strong><strong><strong>L\u2019Excellence du Chardonnay<\/strong><\/strong><\/strong><br><br>\u00c9loge du&nbsp;<strong>Chardonnay<\/strong>,&nbsp;<strong>Blanc de Blancs<\/strong>&nbsp;r\u00e9v\u00e8le toute la complexit\u00e9 et la d\u00e9licatesse de ce c\u00e9page noble. Fruit d\u2019un assemblage m\u00e9ticuleux entre nos&nbsp;<strong>meilleures ann\u00e9es de vins de r\u00e9serve<\/strong>&nbsp;et des vins plus jeunes, cette cuv\u00e9e patiente&nbsp;<strong>48 mois<\/strong>&nbsp;en cave pour atteindre son apog\u00e9e.<br><br>Sa&nbsp;<strong>mousse fine et persistante<\/strong>&nbsp;pr\u00e9c\u00e8de une explosion d\u2019ar\u00f4mes d\u2019<strong>agrumes<\/strong>&nbsp;et de notes min\u00e9rales, offrant une belle intensit\u00e9 et une fra\u00eecheur remarquable. La d\u00e9gustation se prolonge sur une&nbsp;<strong>finale \u00e9l\u00e9gante et cisel\u00e9e<\/strong>, marqu\u00e9e par une belle longueur en bouche.<br><br>Id\u00e9al pour les amateurs de champagnes d\u2019exception,&nbsp;<strong>Blanc de Blancs<\/strong>&nbsp;accompagnera \u00e0 merveille vos plus belles occasions.<\/p>\n<\/div>\n<\/div>\n\n\n\n<div class=\"wp-block-group has-global-padding is-layout-constrained wp-block-group-is-layout-constrained\">\n<h2 class=\"wp-block-heading has-text-align-right\"><strong><strong><strong><strong><strong><a href=\"https:\/\/champagne-ramillon.com\/en\/boutique\/champagnes\/vieilles-vignes\/\" data-type=\"product\" data-id=\"115\">Vieilles Vignes<\/a><\/strong>\u00a0<\/strong>\u00a0<\/strong><\/strong><\/strong><\/h2>\n\n\n\n<hr class=\"wp-block-separator has-alpha-channel-opacity\"\/>\n\n\n\n<p class=\"has-text-align-right\"><strong><strong><strong><strong>L\u2019Expression Authentique du Meunier<\/strong><\/strong><\/strong><\/strong><br><br>Issue de&nbsp;<strong>vignes anciennes<\/strong>, cette cuv\u00e9e 100 %&nbsp;<strong>Meunier<\/strong>&nbsp;d\u00e9voile une maturit\u00e9 assum\u00e9e et une richesse aromatique exceptionnelle. Son&nbsp;<strong>\u00e9quilibre parfait entre rondeur et vivacit\u00e9<\/strong>&nbsp;en fait un champagne d\u2019une grande profondeur.<br><br>D\u00e8s la premi\u00e8re gorg\u00e9e,&nbsp;<strong>Vieilles Vignes<\/strong>&nbsp;s\u00e9duit par son&nbsp;<strong>aromatique explosive<\/strong>, domin\u00e9e par des notes intenses de&nbsp;<strong>groseille<\/strong>et de&nbsp;<strong>grenade<\/strong>, qui lui conf\u00e8rent une belle complexit\u00e9 et une finale longue et savoureuse.<br><br>Un champagne de caract\u00e8re, destin\u00e9 aux amateurs de vins expressifs et g\u00e9n\u00e9reux.<\/p>\n<\/div>\n\n\n\n<div class=\"wp-block-group has-global-padding is-layout-constrained wp-block-group-is-layout-constrained\">\n<h2 class=\"wp-block-heading has-text-align-left\"><strong><strong><strong><strong><strong><a href=\"https:\/\/champagne-ramillon.com\/en\/boutique\/champagnes\/grande-reserve-brut\/\" data-type=\"product\" data-id=\"119\">Grande R\u00e9serve Brut\u00a0<\/a><\/strong><\/strong><\/strong><\/strong><\/strong><\/h2>\n\n\n\n<hr class=\"wp-block-separator has-alpha-channel-opacity\"\/>\n\n\n\n<p class=\"has-text-align-left\"><strong>L\u2019Excellence d\u2019une Ann\u00e9e d\u2019Exception<\/strong><br><br>\u00c9labor\u00e9 \u00e0 partir d\u2019une&nbsp;<strong>s\u00e9lection des meilleures cuv\u00e9es<\/strong>&nbsp;d\u2019une ann\u00e9e rare,&nbsp;<strong>Grande R\u00e9serve Brut<\/strong>&nbsp;incarne le raffinement et la patience. Son&nbsp;<strong>long \u00e9levage en cave<\/strong>&nbsp;lui conf\u00e8re une profondeur unique et une \u00e9l\u00e9gance incomparable.<br><br>D\u2019une grande complexit\u00e9 aromatique, cette cuv\u00e9e d\u00e9voile une&nbsp;<strong>bulle fine et d\u00e9licate<\/strong>, une texture soyeuse et une belle harmonie entre richesse et fra\u00eecheur. Pens\u00e9 pour les&nbsp;<strong>grandes occasions<\/strong>, il s\u00e9duira les&nbsp;<strong>connaisseurs<\/strong>&nbsp;en qu\u00eate d\u2019un champagne d\u2019exception.<br><br>Pr\u00e9sent\u00e9 dans une&nbsp;<strong>bouteille de forme sp\u00e9ciale<\/strong>,&nbsp;<strong>Grande R\u00e9serve Brut<\/strong>&nbsp;est un hommage au savoir-faire et \u00e0 l\u2019excellence.<\/p>\n<\/div>\n\n\n\n<div class=\"wp-block-group has-global-padding is-layout-constrained wp-block-group-is-layout-constrained\">\n<h2 class=\"wp-block-heading has-text-align-right\"><strong><strong><strong><strong><strong><a href=\"https:\/\/champagne-ramillon.com\/en\/boutique\/champagnes\/cuvee-clemence\/\" data-type=\"product\" data-id=\"632\">Cuv\u00e9e Cl\u00e9mence<\/a><\/strong>\u00a0<\/strong>\u00a0<\/strong><\/strong><\/strong><\/h2>\n\n\n\n<hr class=\"wp-block-separator has-alpha-channel-opacity\"\/>\n\n\n\n<p class=\"has-text-align-right\"><strong>\u00c9clat du Chardonnay, \u00c9l\u00e9gance Intemporelle<\/strong><\/p>\n\n\n\n<p class=\"has-text-align-right\">Hommage \u00e0 la puret\u00e9 et \u00e0 la finesse, cette cuv\u00e9e 100 % Chardonnay r\u00e9v\u00e8le une expression min\u00e9rale et lumineuse du terroir. Sa tension ma\u00eetris\u00e9e et sa fra\u00eecheur cristalline signent un champagne d\u2019une grande \u00e9l\u00e9gance.<\/p>\n\n\n\n<p class=\"has-text-align-right\">D\u00e8s l\u2019attaque,&nbsp;<strong>Cl\u00e9mence<\/strong>&nbsp;s\u00e9duit par ses ar\u00f4mes subtils de&nbsp;<strong>fleurs blanches<\/strong>, de&nbsp;<strong>poire juteuse<\/strong>&nbsp;et de&nbsp;<strong>zeste de citron<\/strong>, port\u00e9s par une bouche droite, pr\u00e9cise et persistante.<\/p>\n\n\n\n<p class=\"has-text-align-right\">Un champagne raffin\u00e9, pens\u00e9 pour les connaisseurs en qu\u00eate de finesse et d\u2019\u00e9quilibre.<\/p>\n<\/div>\n\n\n\n<hr class=\"wp-block-separator has-alpha-channel-opacity\"\/>","protected":false},"excerpt":{"rendered":"<p>Brut de Cuv\u00e9e L\u2019\u00c9quilibre Parfait entre Fra\u00eecheur et Gourmandise D\u00e9couvrez&nbsp;Brut de Cuv\u00e9e, un champagne d\u2019une grande finesse o\u00f9 la fra\u00eecheur et la l\u00e9g\u00e8ret\u00e9 du&nbsp;Meunier&nbsp;rencontrent la souplesse et le fruit\u00e9 du&nbsp;Pinot Noir. Cette alliance subtile donne naissance \u00e0 un vin harmonieux, rond et accessible, parfait pour toutes les occasions. Avec sa bulle d\u00e9licate et son expression [&hellip;]<\/p>\n","protected":false},"author":1,"featured_media":0,"parent":0,"menu_order":0,"comment_status":"closed","ping_status":"closed","template":"","meta":{"footnotes":""},"class_list":["post-262","page","type-page","status-publish","hentry"],"jetpack_sharing_enabled":true,"_links":{"self":[{"href":"https:\/\/champagne-ramillon.com\/en\/wp-json\/wp\/v2\/pages\/262","targetHints":{"allow":["GET"]}}],"collection":[{"href":"https:\/\/champagne-ramillon.com\/en\/wp-json\/wp\/v2\/pages"}],"about":[{"href":"https:\/\/champagne-ramillon.com\/en\/wp-json\/wp\/v2\/types\/page"}],"author":[{"embeddable":true,"href":"https:\/\/champagne-ramillon.com\/en\/wp-json\/wp\/v2\/users\/1"}],"replies":[{"embeddable":true,"href":"https:\/\/champagne-ramillon.com\/en\/wp-json\/wp\/v2\/comments?post=262"}],"version-history":[{"count":0,"href":"https:\/\/champagne-ramillon.com\/en\/wp-json\/wp\/v2\/pages\/262\/revisions"}],"wp:attachment":[{"href":"https:\/\/champagne-ramillon.com\/en\/wp-json\/wp\/v2\/media?parent=262"}],"curies":[{"name":"wp","href":"https:\/\/api.w.org\/{rel}","templated":true}]}}