{"id":107,"date":"2025-01-22T22:20:28","date_gmt":"2025-01-22T21:20:28","guid":{"rendered":"https:\/\/champagne-ramillon.com\/?post_type=product&#038;p=107"},"modified":"2025-10-13T23:18:15","modified_gmt":"2025-10-13T21:18:15","slug":"reserve-brut","status":"publish","type":"product","link":"https:\/\/champagne-ramillon.com\/en\/boutique\/champagnes\/reserve-brut\/","title":{"rendered":"R\u00e9serve Brut"},"content":{"rendered":"<p class=\"p1\"><b>L\u2019Alliance Subtile entre Puret\u00e9 et \u00c9l\u00e9gance<\/b><b><\/b><\/p>\n<p class=\"p3\">Le <span class=\"s1\"><b>Champagne Ramillon R\u00e9serve Brut<\/b><\/span> est une ode \u00e0 la <span class=\"s1\"><b>finesse du Chardonnay<\/b><\/span>, qui lui conf\u00e8re une \u00e9l\u00e9gance naturelle et une fra\u00eecheur min\u00e9rale exceptionnelle.<\/p>\n<p class=\"p1\"><b>Robe &amp; Bulles<\/b><b><\/b><\/p>\n<p class=\"p3\">Sa <span class=\"s1\"><b>robe or p\u00e2le aux reflets argent\u00e9s<\/b><\/span> est sublim\u00e9e par un ballet de <span class=\"s1\"><b>bulles fines et r\u00e9guli\u00e8res<\/b><\/span>, promesse d\u2019une effervescence d\u00e9licate et persistante.<\/p>\n<p class=\"p1\"><b>Nez &amp; Ar\u00f4mes<\/b><b><\/b><\/p>\n<p class=\"p3\">Le nez d\u00e9voile une palette aromatique pure et raffin\u00e9e, o\u00f9 se m\u00ealent des <span class=\"s1\"><b>notes de citron, de fleurs blanches et de fruits \u00e0 chair blanche<\/b><\/span>. Une subtile touche brioch\u00e9e vient apporter de la complexit\u00e9 et du volume.<\/p>\n<p class=\"p1\"><b>Bouche &amp; Saveurs<\/b><b><\/b><\/p>\n<p class=\"p3\">L\u2019attaque est vive et cisel\u00e9e, typique du Chardonnay. La bouche est ample et raffin\u00e9e, offrant une belle min\u00e9ralit\u00e9 et une finale longue et \u00e9l\u00e9gante aux notes d\u2019agrumes et de noisette.<\/p>\n<p class=\"p1\"><b>Accords Gourmands<\/b><b><\/b><\/p>\n<p class=\"p4\"><span class=\"s2\">Id\u00e9al pour un <\/span><b>ap\u00e9ritif raffin\u00e9<\/b><span class=\"s2\">, il accompagne parfaitement <\/span><b>les fruits de mer, un carpaccio de Saint-Jacques, des sushis ou un poisson grill\u00e9<\/b><span class=\"s2\">.<\/span><\/p>\n<p class=\"p1\"><b>Moment de D\u00e9gustation<\/b><b><\/b><\/p>\n<p class=\"p3\">Parfait pour les amateurs de <span class=\"s1\"><b>champagnes \u00e9l\u00e9gants et pr\u00e9cis<\/b><\/span>, il se d\u00e9guste \u00e0 <span class=\"s1\"><b>6-8\u00b0C<\/b><\/span> pour sublimer sa fra\u00eecheur et son intensit\u00e9.<\/p>\n<p class=\"p3\">Le <span class=\"s1\"><b>Champagne Ramillon R\u00e9serve Brut<\/b><\/span> \u2013 un incontournable pour les amateurs de puret\u00e9 et de raffinement.<\/p>","protected":false},"excerpt":{"rendered":"<p class=\"p1\">Un champagne d\u2019exception o\u00f9 la finesse du Chardonnay s\u2019exprime pleinement. Frais et \u00e9l\u00e9gant, il est id\u00e9al en ap\u00e9ritif, avec des crustac\u00e9s ou des poissons.<\/p>","protected":false},"featured_media":621,"template":"","meta":[],"product_brand":[],"product_cat":[21],"product_tag":[],"class_list":{"0":"post-107","1":"product","2":"type-product","3":"status-publish","4":"has-post-thumbnail","6":"product_cat-champagnes","8":"first","9":"instock","10":"sale","11":"taxable","12":"shipping-taxable","13":"purchasable","14":"product-type-variable","15":"has-default-attributes"},"jetpack_sharing_enabled":true,"_links":{"self":[{"href":"https:\/\/champagne-ramillon.com\/en\/wp-json\/wp\/v2\/product\/107","targetHints":{"allow":["GET"]}}],"collection":[{"href":"https:\/\/champagne-ramillon.com\/en\/wp-json\/wp\/v2\/product"}],"about":[{"href":"https:\/\/champagne-ramillon.com\/en\/wp-json\/wp\/v2\/types\/product"}],"wp:featuredmedia":[{"embeddable":true,"href":"https:\/\/champagne-ramillon.com\/en\/wp-json\/wp\/v2\/media\/621"}],"wp:attachment":[{"href":"https:\/\/champagne-ramillon.com\/en\/wp-json\/wp\/v2\/media?parent=107"}],"wp:term":[{"taxonomy":"product_brand","embeddable":true,"href":"https:\/\/champagne-ramillon.com\/en\/wp-json\/wp\/v2\/product_brand?post=107"},{"taxonomy":"product_cat","embeddable":true,"href":"https:\/\/champagne-ramillon.com\/en\/wp-json\/wp\/v2\/product_cat?post=107"},{"taxonomy":"product_tag","embeddable":true,"href":"https:\/\/champagne-ramillon.com\/en\/wp-json\/wp\/v2\/product_tag?post=107"}],"curies":[{"name":"wp","href":"https:\/\/api.w.org\/{rel}","templated":true}]}}